{"id":73,"date":"2015-07-08T14:44:10","date_gmt":"2015-07-08T12:44:10","guid":{"rendered":"http:\/\/www.dobrafarma.sk\/?page_id=73"},"modified":"2015-07-08T15:21:25","modified_gmt":"2015-07-08T13:21:25","slug":"kontakty","status":"publish","type":"page","link":"https:\/\/www.dobrafarma.sk\/?page_id=73","title":{"rendered":"Kontakty"},"content":{"rendered":"<p>Dobr\u00e1 Farma<\/p>\n<p>T\u0155nie 144, 96234<\/p>\n<p>Na\u0161e Va\u0161e kuriatka a morky chov\u00e1me na Bzovskej Leh\u00f4tke a na Babinej (okr. Zvolen)<\/p>\n<p>&nbsp;<\/p>\n<p>Tel. kontakt:<\/p>\n<p>Radko: <strong>0905 965 360<\/strong><\/p>\n<p>Janka: <strong>0948 768 884<\/strong><\/p>\n<p>popros\u00edm V\u00e1s, \u010d\u00edslo\u00a0<strong>0904 354 924<\/strong> , ktor\u00e9 ste zvykli pou\u017e\u00edva\u0165, rad\u0161ej nevolajte (pou\u017e\u00edva po straten\u00ed svojho mobilu dc\u00e9rka, tak\u017ee va\u0161e zme\u0161kan\u00e9 hovory ani SMS sa ku mne nedostan\u00fa \ud83d\ude09<\/p>\n<p>&nbsp;<\/p>\n","protected":false},"excerpt":{"rendered":"<p>Dobr\u00e1 Farma T\u0155nie 144, 96234 Na\u0161e Va\u0161e kuriatka a morky chov\u00e1me na Bzovskej Leh\u00f4tke a na Babinej (okr. Zvolen) &nbsp; Tel. kontakt: Radko: 0905 965 360 Janka: 0948 768 884 popros\u00edm V\u00e1s, \u010d\u00edslo\u00a00904 354 924 , ktor\u00e9 ste zvykli pou\u017e\u00edva\u0165, rad\u0161ej nevolajte (pou\u017e\u00edva po straten\u00ed svojho mobilu dc\u00e9rka, tak\u017ee va\u0161e zme\u0161kan\u00e9 hovory ani SMS sa [&hellip;]<\/p>\n","protected":false},"author":2,"featured_media":0,"parent":0,"menu_order":7,"comment_status":"closed","ping_status":"closed","template":"","meta":{"footnotes":""},"class_list":["post-73","page","type-page","status-publish","hentry"],"_links":{"self":[{"href":"https:\/\/www.dobrafarma.sk\/index.php?rest_route=\/wp\/v2\/pages\/73","targetHints":{"allow":["GET"]}}],"collection":[{"href":"https:\/\/www.dobrafarma.sk\/index.php?rest_route=\/wp\/v2\/pages"}],"about":[{"href":"https:\/\/www.dobrafarma.sk\/index.php?rest_route=\/wp\/v2\/types\/page"}],"author":[{"embeddable":true,"href":"https:\/\/www.dobrafarma.sk\/index.php?rest_route=\/wp\/v2\/users\/2"}],"replies":[{"embeddable":true,"href":"https:\/\/www.dobrafarma.sk\/index.php?rest_route=%2Fwp%2Fv2%2Fcomments&post=73"}],"version-history":[{"count":2,"href":"https:\/\/www.dobrafarma.sk\/index.php?rest_route=\/wp\/v2\/pages\/73\/revisions"}],"predecessor-version":[{"id":125,"href":"https:\/\/www.dobrafarma.sk\/index.php?rest_route=\/wp\/v2\/pages\/73\/revisions\/125"}],"wp:attachment":[{"href":"https:\/\/www.dobrafarma.sk\/index.php?rest_route=%2Fwp%2Fv2%2Fmedia&parent=73"}],"curies":[{"name":"wp","href":"https:\/\/api.w.org\/{rel}","templated":true}]}}