{"id":6,"date":"2015-04-23T08:11:31","date_gmt":"2015-04-23T06:11:31","guid":{"rendered":"http:\/\/www.dobrafarma.sk\/?page_id=6"},"modified":"2015-07-19T14:12:02","modified_gmt":"2015-07-19T12:12:02","slug":"ponuka","status":"publish","type":"page","link":"https:\/\/www.dobrafarma.sk\/?page_id=6","title":{"rendered":"Morky &#8211; bez antibiot\u00edk"},"content":{"rendered":"<div style=\"color: #000000;\">\n<div><em>Morky<\/em>\u00a0 si odchov\u00e1vame od 1. d\u0148a. Len tak vieme zaru\u010di\u0165, \u017ee nedostali \u017eiadne prevent\u00edvne antibiotik\u00e1, dokonca ani nijak\u00e9 zak\u00e1zan\u00e9 l\u00e1tky. Chov\u00e1me ich v hale s v\u00fdbehom, sna\u017e\u00edme sa im zabezpe\u010di\u0165 maxim\u00e1lny welfare (pohodu). Na rozdiel od v\u00e4\u010d\u0161iny moriek odchovan\u00fdch\u00a0 halov\u00fdm sp\u00f4sobom na\u0161e morky si vychutn\u00e1vaj\u00fa aj slnie\u010dko.\u00a0 Ke\u010f\u017ee ich v\u00fdbeh je zelen\u00fd len kr\u00e1tko, man\u017eel im denne kos\u00ed tr\u00e1vu a hlavne \u017eih\u013eavu. Pod\u013ea sez\u00f3ny ich dokrmujeme napr. jabl\u010dn\u00fdmi v\u00fdliskami, v\u0148a\u0165ou z \u010dervenej repy,..\u00a0 Proste, sna\u017e\u00edme sa chova\u0165 ich tak, ako kedysi moja stark\u00e1&#8230;<\/div>\n<div>Hmotnos\u0165 moriek sa pohybuje v rozmedz\u00ed od 8-12 kg.<\/div>\n<div>Hmotnos\u0165 moriakov od 14 kg vy\u0161\u0161ie.<\/div>\n<div><\/div>\n<div><\/div>\n<div><a href=\"http:\/\/www.dobrafarma.sk\/wp-content\/uploads\/2015\/04\/DSCF5608.jpg\"><img loading=\"lazy\" decoding=\"async\" class=\"alignright size-large wp-image-49\" src=\"http:\/\/www.dobrafarma.sk\/wp-content\/uploads\/2015\/04\/DSCF5608-1024x768.jpg\" alt=\"DSCF5608\" width=\"1024\" height=\"768\" srcset=\"https:\/\/www.dobrafarma.sk\/wp-content\/uploads\/2015\/04\/DSCF5608-1024x768.jpg 1024w, https:\/\/www.dobrafarma.sk\/wp-content\/uploads\/2015\/04\/DSCF5608-300x225.jpg 300w, https:\/\/www.dobrafarma.sk\/wp-content\/uploads\/2015\/04\/DSCF5608-1x1.jpg 1w\" sizes=\"auto, (max-width: 1024px) 100vw, 1024px\" \/><\/a><\/div>\n<\/div>\n","protected":false},"excerpt":{"rendered":"<p>Morky\u00a0 si odchov\u00e1vame od 1. d\u0148a. Len tak vieme zaru\u010di\u0165, \u017ee nedostali \u017eiadne prevent\u00edvne antibiotik\u00e1, dokonca ani nijak\u00e9 zak\u00e1zan\u00e9 l\u00e1tky. Chov\u00e1me ich v hale s v\u00fdbehom, sna\u017e\u00edme sa im zabezpe\u010di\u0165 maxim\u00e1lny welfare (pohodu). Na rozdiel od v\u00e4\u010d\u0161iny moriek odchovan\u00fdch\u00a0 halov\u00fdm sp\u00f4sobom na\u0161e morky si vychutn\u00e1vaj\u00fa aj slnie\u010dko.\u00a0 Ke\u010f\u017ee ich v\u00fdbeh je zelen\u00fd len kr\u00e1tko, man\u017eel [&hellip;]<\/p>\n","protected":false},"author":1,"featured_media":51,"parent":0,"menu_order":0,"comment_status":"closed","ping_status":"closed","template":"","meta":{"footnotes":""},"class_list":["post-6","page","type-page","status-publish","has-post-thumbnail","hentry"],"_links":{"self":[{"href":"https:\/\/www.dobrafarma.sk\/index.php?rest_route=\/wp\/v2\/pages\/6","targetHints":{"allow":["GET"]}}],"collection":[{"href":"https:\/\/www.dobrafarma.sk\/index.php?rest_route=\/wp\/v2\/pages"}],"about":[{"href":"https:\/\/www.dobrafarma.sk\/index.php?rest_route=\/wp\/v2\/types\/page"}],"author":[{"embeddable":true,"href":"https:\/\/www.dobrafarma.sk\/index.php?rest_route=\/wp\/v2\/users\/1"}],"replies":[{"embeddable":true,"href":"https:\/\/www.dobrafarma.sk\/index.php?rest_route=%2Fwp%2Fv2%2Fcomments&post=6"}],"version-history":[{"count":6,"href":"https:\/\/www.dobrafarma.sk\/index.php?rest_route=\/wp\/v2\/pages\/6\/revisions"}],"predecessor-version":[{"id":196,"href":"https:\/\/www.dobrafarma.sk\/index.php?rest_route=\/wp\/v2\/pages\/6\/revisions\/196"}],"wp:featuredmedia":[{"embeddable":true,"href":"https:\/\/www.dobrafarma.sk\/index.php?rest_route=\/wp\/v2\/media\/51"}],"wp:attachment":[{"href":"https:\/\/www.dobrafarma.sk\/index.php?rest_route=%2Fwp%2Fv2%2Fmedia&parent=6"}],"curies":[{"name":"wp","href":"https:\/\/api.w.org\/{rel}","templated":true}]}}