{"id":56,"date":"2015-04-23T14:06:19","date_gmt":"2015-04-23T12:06:19","guid":{"rendered":"http:\/\/www.dobrafarma.sk\/?page_id=56"},"modified":"2015-07-19T14:11:27","modified_gmt":"2015-07-19T12:11:27","slug":"brojlerove-kurence","status":"publish","type":"page","link":"https:\/\/www.dobrafarma.sk\/?page_id=56","title":{"rendered":"Brojlerov\u00e9 kurence- bez antibiot\u00edk"},"content":{"rendered":"<p><a href=\"http:\/\/www.dobrafarma.sk\/wp-content\/uploads\/2015\/04\/mal\u00e9-kuriatka-pekn\u00e9-DSCF7005.jpg\"><img loading=\"lazy\" decoding=\"async\" class=\"alignright size-large wp-image-78\" src=\"http:\/\/www.dobrafarma.sk\/wp-content\/uploads\/2015\/04\/mal\u00e9-kuriatka-pekn\u00e9-DSCF7005-1024x768.jpg\" alt=\"mal\u00e9 kuriatka- pekn\u00e9 DSCF7005\" width=\"1024\" height=\"768\" srcset=\"https:\/\/www.dobrafarma.sk\/wp-content\/uploads\/2015\/04\/mal\u00e9-kuriatka-pekn\u00e9-DSCF7005-1024x768.jpg 1024w, https:\/\/www.dobrafarma.sk\/wp-content\/uploads\/2015\/04\/mal\u00e9-kuriatka-pekn\u00e9-DSCF7005-300x225.jpg 300w, https:\/\/www.dobrafarma.sk\/wp-content\/uploads\/2015\/04\/mal\u00e9-kuriatka-pekn\u00e9-DSCF7005-1x1.jpg 1w\" sizes=\"auto, (max-width: 1024px) 100vw, 1024px\" \/><\/a><\/p>\n<p>&nbsp;<\/p>\n<p>Tak\u00e9to n\u00e1dhern\u00e9 kuriatka bez antibiot\u00edk m\u00f4\u017eu by\u0165 aj va\u0161e. M\u00e1me ich v ponuke len asi do konca j\u00fala, u\u017e VIACEJ TOHTO ROKU NEBUD\u00da. Zdie\u013eajte aj medzi priate\u013emi a hlavne rodi\u010dom s mal\u00fdmi deti\u010dkami, aby mali mo\u017enos\u0165 jes\u0165 zdrav\u00e9 m\u00e4sko rovnako ako na\u0161e drobce a drobce na\u0161ich priate\u013eov.<\/p>\n<p>V klasickom ve\u013ekov\u00fdkrme sa kurence chovaj\u00fa +\/- 35 dn\u00ed.\u00a0 Na\u0161e cca 3mesiace. Nedost\u00e1vaj\u00fa prevent\u00edvne antibiotik\u00e1, v krmive nemaj\u00fa kokcidiostatik\u00e1,&#8230; Maj\u00fa v\u00fdbeh, zelen\u00fa tr\u00e1vi\u010dku, \u017eih\u013eavu, slnie\u010dko,&#8230;\u00a0 Rast\u00fa pomal\u0161ie, ich m\u00e4sko m\u00e1 \u00faplne in\u00fa konzistenciu, chu\u0165.\u00a0 Svalovina neobsahuje tak\u00e9 mno\u017estvo vody ako pri r\u00fdchlov\u00fdkrme, dokonca pri pe\u010den\u00ed je d\u00f4le\u017eit\u00e9 m\u00e4sko podlia\u0165, neupe\u010die sa tak r\u00fdchlo. Ale zas\u00fdti, a ten p\u00f4\u017eitok &#8230; \ud83d\ude09<\/p>\n<p>Objedn\u00e1vky &#8211;\u00a0Janka:\u00a0<strong>0948 768 884\u00a0<\/strong><\/p>\n<p><a href=\"http:\/\/www.dobrafarma.sk\/wp-content\/uploads\/2015\/04\/IMG_9814.jpg\"><img loading=\"lazy\" decoding=\"async\" class=\"alignnone size-medium wp-image-184\" src=\"http:\/\/www.dobrafarma.sk\/wp-content\/uploads\/2015\/04\/IMG_9814-300x200.jpg\" alt=\"IMG_9814\" width=\"300\" height=\"200\" srcset=\"https:\/\/www.dobrafarma.sk\/wp-content\/uploads\/2015\/04\/IMG_9814-300x200.jpg 300w, https:\/\/www.dobrafarma.sk\/wp-content\/uploads\/2015\/04\/IMG_9814-1024x683.jpg 1024w, https:\/\/www.dobrafarma.sk\/wp-content\/uploads\/2015\/04\/IMG_9814-295x197.jpg 295w, https:\/\/www.dobrafarma.sk\/wp-content\/uploads\/2015\/04\/IMG_9814-379x254.jpg 379w\" sizes=\"auto, (max-width: 300px) 100vw, 300px\" \/><\/a><\/p>\n<p>&nbsp;<\/p>\n<p>&nbsp;<\/p>\n<p>&nbsp;<\/p>\n","protected":false},"excerpt":{"rendered":"<p>&nbsp; Tak\u00e9to n\u00e1dhern\u00e9 kuriatka bez antibiot\u00edk m\u00f4\u017eu by\u0165 aj va\u0161e. M\u00e1me ich v ponuke len asi do konca j\u00fala, u\u017e VIACEJ TOHTO ROKU NEBUD\u00da. Zdie\u013eajte aj medzi priate\u013emi a hlavne rodi\u010dom s mal\u00fdmi deti\u010dkami, aby mali mo\u017enos\u0165 jes\u0165 zdrav\u00e9 m\u00e4sko rovnako ako na\u0161e drobce a drobce na\u0161ich priate\u013eov. V klasickom ve\u013ekov\u00fdkrme sa kurence chovaj\u00fa +\/- [&hellip;]<\/p>\n","protected":false},"author":2,"featured_media":96,"parent":0,"menu_order":2,"comment_status":"closed","ping_status":"closed","template":"","meta":{"footnotes":""},"class_list":["post-56","page","type-page","status-publish","has-post-thumbnail","hentry"],"_links":{"self":[{"href":"https:\/\/www.dobrafarma.sk\/index.php?rest_route=\/wp\/v2\/pages\/56","targetHints":{"allow":["GET"]}}],"collection":[{"href":"https:\/\/www.dobrafarma.sk\/index.php?rest_route=\/wp\/v2\/pages"}],"about":[{"href":"https:\/\/www.dobrafarma.sk\/index.php?rest_route=\/wp\/v2\/types\/page"}],"author":[{"embeddable":true,"href":"https:\/\/www.dobrafarma.sk\/index.php?rest_route=\/wp\/v2\/users\/2"}],"replies":[{"embeddable":true,"href":"https:\/\/www.dobrafarma.sk\/index.php?rest_route=%2Fwp%2Fv2%2Fcomments&post=56"}],"version-history":[{"count":9,"href":"https:\/\/www.dobrafarma.sk\/index.php?rest_route=\/wp\/v2\/pages\/56\/revisions"}],"predecessor-version":[{"id":195,"href":"https:\/\/www.dobrafarma.sk\/index.php?rest_route=\/wp\/v2\/pages\/56\/revisions\/195"}],"wp:featuredmedia":[{"embeddable":true,"href":"https:\/\/www.dobrafarma.sk\/index.php?rest_route=\/wp\/v2\/media\/96"}],"wp:attachment":[{"href":"https:\/\/www.dobrafarma.sk\/index.php?rest_route=%2Fwp%2Fv2%2Fmedia&parent=56"}],"curies":[{"name":"wp","href":"https:\/\/api.w.org\/{rel}","templated":true}]}}