{"id":187,"date":"2015-07-14T08:42:50","date_gmt":"2015-07-14T06:42:50","guid":{"rendered":"http:\/\/www.dobrafarma.sk\/?page_id=187"},"modified":"2015-07-14T08:42:50","modified_gmt":"2015-07-14T06:42:50","slug":"ako-objednat","status":"publish","type":"page","link":"https:\/\/www.dobrafarma.sk\/?page_id=187","title":{"rendered":"Ako objedna\u0165"},"content":{"rendered":"<p><a href=\"http:\/\/www.dobrafarma.sk\/wp-content\/uploads\/2015\/04\/ninkine-kura-4roky.jpg\"><img loading=\"lazy\" decoding=\"async\" class=\" size-medium wp-image-59 aligncenter\" src=\"http:\/\/www.dobrafarma.sk\/wp-content\/uploads\/2015\/04\/ninkine-kura-4roky-300x212.jpg\" alt=\"ninkine kura  4roky\" width=\"300\" height=\"212\" srcset=\"https:\/\/www.dobrafarma.sk\/wp-content\/uploads\/2015\/04\/ninkine-kura-4roky-300x212.jpg 300w, https:\/\/www.dobrafarma.sk\/wp-content\/uploads\/2015\/04\/ninkine-kura-4roky-1x1.jpg 1w, https:\/\/www.dobrafarma.sk\/wp-content\/uploads\/2015\/04\/ninkine-kura-4roky.jpg 708w\" sizes=\"auto, (max-width: 300px) 100vw, 300px\" \/><\/a><\/p>\n<p>Kuriatka por\u00e1\u017eame \u00a0len na z\u00e1klade va\u0161ej objedn\u00e1vky. \u010ci u\u017e telefonickej, formou SMS alebo na FB. Objedn\u00e1vka je platn\u00e1 len na z\u00e1klade vz\u00e1jomn\u00e9ho potvrdenia term\u00ednu a sp\u00f4sobu dodania.<\/p>\n<p>Kuriatka dod\u00e1vame o\u0161klban\u00e9, o\u010disten\u00e9, s drobkami vo vn\u00fatri v de\u0148 por\u00e1\u017eky, preto na\u0161im z\u00e1kazn\u00edkom odpor\u00fa\u010dame, aby ich nechali v chlade odle\u017ea\u0165 cca 24 hod. Svalovina sa tak kr\u00e1sne uvo\u013en\u00ed a m\u00e4sko bude lahodnej\u0161ie.<\/p>\n<p>Tieto kuriatka nie s\u00fa ako kuriatka z ve\u013ekochovov z r\u00fdchlov\u00fdkrmov be\u017ene dostupn\u00e9 v obchodoch. \u00a0Ich m\u00e4sko m\u00e1 tuh\u0161iu konzistenciu, pri pe\u010den\u00ed je potrebn\u00e9 podlia\u0165, pe\u010die sa zhruba 2-2,5 hod pri ni\u017e\u0161ej teplote. A\u017e nakoniec sa nech\u00e1 ko\u017eti\u010dka pekne pripiec\u0165 pri vy\u0161\u0161ej teplote. A chu\u0165 je \u00faplne in\u00e1, ve\u010f vysk\u00fa\u0161ajte ;-).<\/p>\n<p>&nbsp;<\/p>\n<p>&nbsp;<\/p>\n<p>Objedn\u00e1vky:<\/p>\n<p>Jana: 0948768884<\/p>\n<p>&nbsp;<\/p>\n<p>Radovan: \u00a00905965360_<\/p>\n<p>&nbsp;<\/p>\n","protected":false},"excerpt":{"rendered":"<p>Kuriatka por\u00e1\u017eame \u00a0len na z\u00e1klade va\u0161ej objedn\u00e1vky. \u010ci u\u017e telefonickej, formou SMS alebo na FB. Objedn\u00e1vka je platn\u00e1 len na z\u00e1klade vz\u00e1jomn\u00e9ho potvrdenia term\u00ednu a sp\u00f4sobu dodania. Kuriatka dod\u00e1vame o\u0161klban\u00e9, o\u010disten\u00e9, s drobkami vo vn\u00fatri v de\u0148 por\u00e1\u017eky, preto na\u0161im z\u00e1kazn\u00edkom odpor\u00fa\u010dame, aby ich nechali v chlade odle\u017ea\u0165 cca 24 hod. Svalovina sa tak kr\u00e1sne [&hellip;]<\/p>\n","protected":false},"author":2,"featured_media":0,"parent":0,"menu_order":0,"comment_status":"closed","ping_status":"closed","template":"","meta":{"footnotes":""},"class_list":["post-187","page","type-page","status-publish","hentry"],"_links":{"self":[{"href":"https:\/\/www.dobrafarma.sk\/index.php?rest_route=\/wp\/v2\/pages\/187","targetHints":{"allow":["GET"]}}],"collection":[{"href":"https:\/\/www.dobrafarma.sk\/index.php?rest_route=\/wp\/v2\/pages"}],"about":[{"href":"https:\/\/www.dobrafarma.sk\/index.php?rest_route=\/wp\/v2\/types\/page"}],"author":[{"embeddable":true,"href":"https:\/\/www.dobrafarma.sk\/index.php?rest_route=\/wp\/v2\/users\/2"}],"replies":[{"embeddable":true,"href":"https:\/\/www.dobrafarma.sk\/index.php?rest_route=%2Fwp%2Fv2%2Fcomments&post=187"}],"version-history":[{"count":1,"href":"https:\/\/www.dobrafarma.sk\/index.php?rest_route=\/wp\/v2\/pages\/187\/revisions"}],"predecessor-version":[{"id":189,"href":"https:\/\/www.dobrafarma.sk\/index.php?rest_route=\/wp\/v2\/pages\/187\/revisions\/189"}],"wp:attachment":[{"href":"https:\/\/www.dobrafarma.sk\/index.php?rest_route=%2Fwp%2Fv2%2Fmedia&parent=187"}],"curies":[{"name":"wp","href":"https:\/\/api.w.org\/{rel}","templated":true}]}}